{"id":21,"date":"2015-03-05T21:28:28","date_gmt":"2015-03-05T21:28:28","guid":{"rendered":"https:\/\/livre.jor.br\/nacontadodeputado\/?page_id=21"},"modified":"2015-03-23T17:50:11","modified_gmt":"2015-03-23T20:50:11","slug":"politica-editorial","status":"publish","type":"page","link":"https:\/\/livre.jor.br\/nacontadodeputado\/politica-editorial\/","title":{"rendered":"Pol\u00edtica editorial"},"content":{"rendered":"<p>Livre.jor \u00e9 jornalismo, e portanto submete-se ao <a href=\"http:\/\/www.fenaj.org.br\/federacao\/cometica\/codigo_de_etica_dos_jornalistas_brasileiros.pdf\" target=\"_blank\">C\u00f3digo de \u00c9tica dos Jornalistas Brasileiros<\/a>. Isso significa que temos como base o direito fundamental do cidad\u00e3o \u00e0 informa\u00e7\u00e3o, que abrange direito de informar, de ser informado e de ter acesso \u00e0 informa\u00e7\u00e3o. Aceitamos como baliza para essa atividade que o compromisso fundamental do jornalista \u00e9 com a verdade no relato dos fatos, e que devemos pautar nosso trabalho na precisa apura\u00e7\u00e3o dos acontecimentos e na sua correta divulga\u00e7\u00e3o.<\/p>\n<p>Nenhuma not\u00edcia, conte\u00fado associado ou membro da equipe utilizar\u00e1 de Livre.jor para incitar o \u00f3dio, ou a discrimina\u00e7\u00e3o de qualquer esp\u00e9cie. Aqui n\u00e3o se faz proselitismo partid\u00e1rio, nem ideol\u00f3gico. N\u00e3o promovemos atos ilegais, n\u00e3o transmitimos v\u00edrus, malwares, c\u00f3digos destrutivos ou mal-intencionados.<\/p>\n<p>Preservamos o direito das pessoas ao sigilo de fonte. Informa\u00e7\u00f5es confidenciais relatadas \u00e0 equipe de Livre.jor n\u00e3o ser\u00e3o divulgadas, nem sua origem. Sugest\u00f5es de pedidos de informa\u00e7\u00e3o a quaisquer \u00f3rg\u00e3os do Poder P\u00fablico, quando solicitado por quem as proferiu, ser\u00e3o encampadas pela equipe de jornalistas \u2013 permitindo assim que pessoas se sentindo acuadas no seu direito de acesso a dados p\u00fablicos possam obt\u00ea-los. Contudo, n\u00e3o apuramos dados em segredo para ningu\u00e9m \u2013 e divulgaremos normalmente esse conte\u00fado.<\/p>\n<p>N\u00e3o h\u00e1 o que ler nas entrelinhas em Livre.jor, n\u00e3o se camuflam inten\u00e7\u00f5es, diz-se o que se sabe e admite-se aquilo que \u00e9 desconhecido. Defendemos o livre acesso \u00e0 informa\u00e7\u00e3o p\u00fablica. Somos intransigentes nisso.<\/p>\n<p>Divulgamos conte\u00fado de interesse p\u00fablico, obtido a partir de dados oficiais de qualquer natureza: documentos, pesquisas, levantamentos, planilhas eletr\u00f4nicas, di\u00e1rios oficiais, pedidos de informa\u00e7\u00e3o, base de dados etc. Sempre que poss\u00edvel, o caminho para que qualquer pessoa obtenha os mesmos dados estar\u00e1 descrito na not\u00edcia, para encorajar o empoderamento de todos.<\/p>\n<p>N\u00e3o enviamos spams, nem publicamos conte\u00fado sexualmente expl\u00edcito \u2013 logo o acesso a Livre.jor tem indica\u00e7\u00e3o livre. Quando formos notificados de uma poss\u00edvel viola\u00e7\u00e3o dessa pol\u00edtica, analisaremos pontualmente a quest\u00e3o e, quando necess\u00e1rio, uma a\u00e7\u00e3o ser\u00e1 tomada. Isso inclui banir conte\u00fado inadequado, fornecer direito de resposta ou corrigir dados inexatos.<\/p>\n<p>Se algo aqui incomoda voc\u00ea, denuncie isso a n\u00f3s, para verificarmos se houve desrespeito \u00e0 pol\u00edtica de conduta e conte\u00fado: contato@livre.jor.br<\/p>\n","protected":false},"excerpt":{"rendered":"Livre.jor \u00e9 jornalismo, e portanto submete-se ao C\u00f3digo de \u00c9tica dos Jornalistas&hellip;\n","protected":false},"author":1,"featured_media":0,"parent":0,"menu_order":0,"comment_status":"open","ping_status":"open","template":"","meta":{"footnotes":""},"class_list":["post-21","page","type-page","status-publish"],"yoast_head":"<!-- This site is optimized with the Yoast SEO plugin v27.2 - https:\/\/yoast.com\/product\/yoast-seo-wordpress\/ -->\n<title>Pol\u00edtica editorial - Na conta do deputado<\/title>\n<meta name=\"robots\" content=\"index, follow, max-snippet:-1, max-image-preview:large, max-video-preview:-1\" \/>\n<link rel=\"canonical\" href=\"https:\/\/livre.jor.br\/nacontadodeputado\/politica-editorial\/\" \/>\n<meta property=\"og:locale\" content=\"pt_BR\" \/>\n<meta property=\"og:type\" content=\"article\" \/>\n<meta property=\"og:title\" content=\"Pol\u00edtica editorial - Na conta do deputado\" \/>\n<meta property=\"og:description\" content=\"Livre.jor \u00e9 jornalismo, e portanto submete-se ao C\u00f3digo de \u00c9tica dos Jornalistas&hellip;\" \/>\n<meta property=\"og:url\" content=\"https:\/\/livre.jor.br\/nacontadodeputado\/politica-editorial\/\" \/>\n<meta property=\"og:site_name\" content=\"Na conta do deputado\" \/>\n<meta property=\"article:publisher\" content=\"http:\/\/www.facebook.com\/livre.jor\" \/>\n<meta property=\"article:modified_time\" content=\"2015-03-23T20:50:11+00:00\" \/>\n<meta property=\"og:image\" content=\"https:\/\/livre.jor.br\/nacontadodeputado\/wp-content\/uploads\/2019\/10\/mini_fb.jpg\" \/>\n\t<meta property=\"og:image:width\" content=\"783\" \/>\n\t<meta property=\"og:image:height\" content=\"411\" \/>\n\t<meta property=\"og:image:type\" content=\"image\/jpeg\" \/>\n<meta name=\"twitter:card\" content=\"summary_large_image\" \/>\n<meta name=\"twitter:site\" content=\"@livrejor\" \/>\n<meta name=\"twitter:label1\" content=\"Est. tempo de leitura\" \/>\n\t<meta name=\"twitter:data1\" content=\"2 minutos\" \/>\n<script type=\"application\/ld+json\" class=\"yoast-schema-graph\">{\"@context\":\"https:\/\/schema.org\",\"@graph\":[{\"@type\":\"WebPage\",\"@id\":\"https:\/\/livre.jor.br\/nacontadodeputado\/politica-editorial\/\",\"url\":\"https:\/\/livre.jor.br\/nacontadodeputado\/politica-editorial\/\",\"name\":\"Pol\u00edtica editorial - Na conta do deputado\",\"isPartOf\":{\"@id\":\"https:\/\/livre.jor.br\/nacontadodeputado\/#website\"},\"datePublished\":\"2015-03-05T21:28:28+00:00\",\"dateModified\":\"2015-03-23T20:50:11+00:00\",\"breadcrumb\":{\"@id\":\"https:\/\/livre.jor.br\/nacontadodeputado\/politica-editorial\/#breadcrumb\"},\"inLanguage\":\"pt-BR\",\"potentialAction\":[{\"@type\":\"ReadAction\",\"target\":[\"https:\/\/livre.jor.br\/nacontadodeputado\/politica-editorial\/\"]}]},{\"@type\":\"BreadcrumbList\",\"@id\":\"https:\/\/livre.jor.br\/nacontadodeputado\/politica-editorial\/#breadcrumb\",\"itemListElement\":[{\"@type\":\"ListItem\",\"position\":1,\"name\":\"In\u00edcio\",\"item\":\"https:\/\/livre.jor.br\/nacontadodeputado\/\"},{\"@type\":\"ListItem\",\"position\":2,\"name\":\"Pol\u00edtica editorial\"}]},{\"@type\":\"WebSite\",\"@id\":\"https:\/\/livre.jor.br\/nacontadodeputado\/#website\",\"url\":\"https:\/\/livre.jor.br\/nacontadodeputado\/\",\"name\":\"Na conta do deputado\",\"description\":\"Not\u00edcias impertinentes, de fontes oficiais.\",\"publisher\":{\"@id\":\"https:\/\/livre.jor.br\/nacontadodeputado\/#organization\"},\"potentialAction\":[{\"@type\":\"SearchAction\",\"target\":{\"@type\":\"EntryPoint\",\"urlTemplate\":\"https:\/\/livre.jor.br\/nacontadodeputado\/?s={search_term_string}\"},\"query-input\":{\"@type\":\"PropertyValueSpecification\",\"valueRequired\":true,\"valueName\":\"search_term_string\"}}],\"inLanguage\":\"pt-BR\"},{\"@type\":\"Organization\",\"@id\":\"https:\/\/livre.jor.br\/nacontadodeputado\/#organization\",\"name\":\"Ag\u00eancia Livre.jor de Jornalismo\",\"url\":\"https:\/\/livre.jor.br\/nacontadodeputado\/\",\"logo\":{\"@type\":\"ImageObject\",\"inLanguage\":\"pt-BR\",\"@id\":\"https:\/\/livre.jor.br\/nacontadodeputado\/#\/schema\/logo\/image\/\",\"url\":\"https:\/\/livre.jor.br\/nacontadodeputado\/wp-content\/uploads\/2022\/06\/WhatsApp-Image-2022-05-02-at-11.47.11.jpeg\",\"contentUrl\":\"https:\/\/livre.jor.br\/nacontadodeputado\/wp-content\/uploads\/2022\/06\/WhatsApp-Image-2022-05-02-at-11.47.11.jpeg\",\"width\":1104,\"height\":1020,\"caption\":\"Ag\u00eancia Livre.jor de Jornalismo\"},\"image\":{\"@id\":\"https:\/\/livre.jor.br\/nacontadodeputado\/#\/schema\/logo\/image\/\"},\"sameAs\":[\"http:\/\/www.facebook.com\/livre.jor\",\"https:\/\/x.com\/livrejor\"]}]}<\/script>\n<!-- \/ Yoast SEO plugin. -->","yoast_head_json":{"title":"Pol\u00edtica editorial - Na conta do deputado","robots":{"index":"index","follow":"follow","max-snippet":"max-snippet:-1","max-image-preview":"max-image-preview:large","max-video-preview":"max-video-preview:-1"},"canonical":"https:\/\/livre.jor.br\/nacontadodeputado\/politica-editorial\/","og_locale":"pt_BR","og_type":"article","og_title":"Pol\u00edtica editorial - Na conta do deputado","og_description":"Livre.jor \u00e9 jornalismo, e portanto submete-se ao C\u00f3digo de \u00c9tica dos Jornalistas&hellip;","og_url":"https:\/\/livre.jor.br\/nacontadodeputado\/politica-editorial\/","og_site_name":"Na conta do deputado","article_publisher":"http:\/\/www.facebook.com\/livre.jor","article_modified_time":"2015-03-23T20:50:11+00:00","og_image":[{"width":783,"height":411,"url":"https:\/\/livre.jor.br\/nacontadodeputado\/wp-content\/uploads\/2019\/10\/mini_fb.jpg","type":"image\/jpeg"}],"twitter_card":"summary_large_image","twitter_site":"@livrejor","twitter_misc":{"Est. tempo de leitura":"2 minutos"},"schema":{"@context":"https:\/\/schema.org","@graph":[{"@type":"WebPage","@id":"https:\/\/livre.jor.br\/nacontadodeputado\/politica-editorial\/","url":"https:\/\/livre.jor.br\/nacontadodeputado\/politica-editorial\/","name":"Pol\u00edtica editorial - Na conta do deputado","isPartOf":{"@id":"https:\/\/livre.jor.br\/nacontadodeputado\/#website"},"datePublished":"2015-03-05T21:28:28+00:00","dateModified":"2015-03-23T20:50:11+00:00","breadcrumb":{"@id":"https:\/\/livre.jor.br\/nacontadodeputado\/politica-editorial\/#breadcrumb"},"inLanguage":"pt-BR","potentialAction":[{"@type":"ReadAction","target":["https:\/\/livre.jor.br\/nacontadodeputado\/politica-editorial\/"]}]},{"@type":"BreadcrumbList","@id":"https:\/\/livre.jor.br\/nacontadodeputado\/politica-editorial\/#breadcrumb","itemListElement":[{"@type":"ListItem","position":1,"name":"In\u00edcio","item":"https:\/\/livre.jor.br\/nacontadodeputado\/"},{"@type":"ListItem","position":2,"name":"Pol\u00edtica editorial"}]},{"@type":"WebSite","@id":"https:\/\/livre.jor.br\/nacontadodeputado\/#website","url":"https:\/\/livre.jor.br\/nacontadodeputado\/","name":"Na conta do deputado","description":"Not\u00edcias impertinentes, de fontes oficiais.","publisher":{"@id":"https:\/\/livre.jor.br\/nacontadodeputado\/#organization"},"potentialAction":[{"@type":"SearchAction","target":{"@type":"EntryPoint","urlTemplate":"https:\/\/livre.jor.br\/nacontadodeputado\/?s={search_term_string}"},"query-input":{"@type":"PropertyValueSpecification","valueRequired":true,"valueName":"search_term_string"}}],"inLanguage":"pt-BR"},{"@type":"Organization","@id":"https:\/\/livre.jor.br\/nacontadodeputado\/#organization","name":"Ag\u00eancia Livre.jor de Jornalismo","url":"https:\/\/livre.jor.br\/nacontadodeputado\/","logo":{"@type":"ImageObject","inLanguage":"pt-BR","@id":"https:\/\/livre.jor.br\/nacontadodeputado\/#\/schema\/logo\/image\/","url":"https:\/\/livre.jor.br\/nacontadodeputado\/wp-content\/uploads\/2022\/06\/WhatsApp-Image-2022-05-02-at-11.47.11.jpeg","contentUrl":"https:\/\/livre.jor.br\/nacontadodeputado\/wp-content\/uploads\/2022\/06\/WhatsApp-Image-2022-05-02-at-11.47.11.jpeg","width":1104,"height":1020,"caption":"Ag\u00eancia Livre.jor de Jornalismo"},"image":{"@id":"https:\/\/livre.jor.br\/nacontadodeputado\/#\/schema\/logo\/image\/"},"sameAs":["http:\/\/www.facebook.com\/livre.jor","https:\/\/x.com\/livrejor"]}]}},"_links":{"self":[{"href":"https:\/\/livre.jor.br\/nacontadodeputado\/wp-json\/wp\/v2\/pages\/21","targetHints":{"allow":["GET"]}}],"collection":[{"href":"https:\/\/livre.jor.br\/nacontadodeputado\/wp-json\/wp\/v2\/pages"}],"about":[{"href":"https:\/\/livre.jor.br\/nacontadodeputado\/wp-json\/wp\/v2\/types\/page"}],"author":[{"embeddable":true,"href":"https:\/\/livre.jor.br\/nacontadodeputado\/wp-json\/wp\/v2\/users\/1"}],"replies":[{"embeddable":true,"href":"https:\/\/livre.jor.br\/nacontadodeputado\/wp-json\/wp\/v2\/comments?post=21"}],"version-history":[{"count":0,"href":"https:\/\/livre.jor.br\/nacontadodeputado\/wp-json\/wp\/v2\/pages\/21\/revisions"}],"wp:attachment":[{"href":"https:\/\/livre.jor.br\/nacontadodeputado\/wp-json\/wp\/v2\/media?parent=21"}],"curies":[{"name":"wp","href":"https:\/\/api.w.org\/{rel}","templated":true}]}}