{"id":8108,"date":"2022-07-22T08:29:31","date_gmt":"2022-07-22T11:29:31","guid":{"rendered":"https:\/\/livre.jor.br\/nacontadodeputado\/?page_id=8108"},"modified":"2022-07-22T09:09:36","modified_gmt":"2022-07-22T12:09:36","slug":"verbas-de-ressarcimento","status":"publish","type":"page","link":"https:\/\/livre.jor.br\/nacontadodeputado\/verbas-de-ressarcimento\/","title":{"rendered":"Verbas de ressarcimento"},"content":{"rendered":"<div class=\"wpb-content-wrapper\"><div class=\"vc_row wpb_row vc_row-fluid\"><div class=\"wpb_column vc_column_container vc_col-sm-12\"><div class=\"vc_column-inner\"><div class=\"wpb_wrapper\">\n\t<div  class=\"wpb_single_image wpb_content_element vc_align_center wpb_content_element\">\n\t\t\n\t\t<figure class=\"wpb_wrapper vc_figure\">\n\t\t\t<div class=\"vc_single_image-wrapper   vc_box_border_grey\"><img loading=\"lazy\" decoding=\"async\" width=\"585\" height=\"153\" src=\"https:\/\/livre.jor.br\/nacontadodeputado\/wp-content\/uploads\/2022\/07\/fundo_1.jpg\" class=\"vc_single_image-img attachment-full\" alt=\"\" title=\"Sem t\u00edtulo-2\" srcset=\"https:\/\/livre.jor.br\/nacontadodeputado\/wp-content\/uploads\/2022\/07\/fundo_1.jpg 585w, https:\/\/livre.jor.br\/nacontadodeputado\/wp-content\/uploads\/2022\/07\/fundo_1-300x78.jpg 300w, https:\/\/livre.jor.br\/nacontadodeputado\/wp-content\/uploads\/2022\/07\/fundo_1-18x5.jpg 18w\" sizes=\"auto, (max-width: 585px) 100vw, 585px\" \/><\/div>\n\t\t<\/figure>\n\t<\/div>\n\n\t<div class=\"wpb_text_column wpb_content_element\" >\n\t\t<div class=\"wpb_wrapper\">\n\t\t\t<header class=\"entry-header\">\n<h1 id=\"verbas-de-ressarcimento\" class=\"entry-title\">Verbas de ressarcimento<\/h1>\n<div class=\"drentoSpace\"><\/div>\n<\/header>\n<div class=\"entry-content\">\n<div id=\"WRchTxt6-ti1\" class=\"s3\" data-reactid=\".0.$SITE_ROOT.$desktop_siteRoot.$PAGES_CONTAINER.1.1.$SITE_PAGES.$c1dmp.1.$WRchTxt6-ti1\">\n<p class=\"western\"><b>O que s\u00e3o verbas de ressarcimento?<\/b><\/p>\n<p class=\"font_8\"><span class=\"color_15\">Voc\u00ea sabia que al\u00e9m dos sal\u00e1rios os deputados estaduais paranaenses recebem reembolsos com gastos com algumas despesas do exerc\u00edcio do mandato?\u00a0<\/span><span class=\"color_15\">O recurso para isso \u00e9 conhecido como Verba de Ressarcimento.<\/span><\/p>\n<p class=\"font_8\"><span class=\"color_15\">Institu\u00eddo por meio de resolu\u00e7\u00e3o em mar\u00e7o de 2004, a verba \u00e9 destinada ao reembolso de despesas com, dentre outros itens: passagens, telefones, correspond\u00eancia, moradia, refei\u00e7\u00f5es, combust\u00edvel, alugueis e manuten\u00e7\u00e3o de escrit\u00f3rio e de ve\u00edculos.<\/span><\/p>\n<p class=\"font_8\"><span class=\"color_15\">Por m\u00eas, com valor atualizado em 2016, cada um dos 54 deputados t\u00eam direito a receber o reembolso de R$ 31.470,00.\u00a0<\/span><span class=\"color_15\">Se o parlamentar n\u00e3o usar o recurso todo no m\u00eas, ele pode somar o saldo ao m\u00eas subsequente. Ao final do ano, os saldos s\u00e3o zerados.<\/span><\/p>\n<p class=\"western\"><b>E pra que acompanhar?<\/b><\/p>\n<p class=\"font_8\"><a href=\"https:\/\/web.archive.org\/web\/20210615203153\/http:\/\/livre.jor.br\/nacontadodeputado\/wp-content\/uploads\/2016\/06\/mosca.jpg\"><img loading=\"lazy\" decoding=\"async\" class=\" size-medium wp-image-43 alignright\" src=\"https:\/\/web.archive.org\/web\/20210615203153im_\/http:\/\/livre.jor.br\/nacontadodeputado\/wp-content\/uploads\/2016\/06\/mosca-300x229.jpg\" alt=\"mosca\" width=\"300\" height=\"229\" \/><\/a>Vamos aos n\u00fameros. Na ponta do l\u00e1pis, cada deputado ao ano, dentro dos crit\u00e9rios das resolu\u00e7\u00f5es, tem o direito de receber ressarcimento de R$ 377.640 mil.<\/p>\n<div id=\"comp-ipg57xr8\" class=\"s3\" data-reactid=\".0.$SITE_ROOT.$desktop_siteRoot.$PAGES_CONTAINER.1.1.$SITE_PAGES.$c1dmp.1.$comp-ipg57xr8\">\n<p class=\"font_8\">Com base no valor mensal, o custo de ressarcimento poderia atingir a casa dos R$ 20 milh\u00f5es caso todos os 54 deputados usufru\u00edssem do teto. Ao final da legislatura, cada deputado teria ressarcido o valor de R$ 1.5 milh\u00e3o, ou seja, mais de R$ 81 milh\u00f5es na somat\u00f3ria dos parlamentares.<\/p>\n<p class=\"font_8\">Um bom recurso, n\u00e3o \u00e9 mesmo? E tudo dinheiro p\u00fablico. Por isso, acompanhar como isso \u00e9 utilizado \u00e9 m exerc\u00edcio de cidadania e um dever de todos.<\/p>\n<\/div>\n<\/div>\n<\/div>\n\n\t\t<\/div>\n\t<\/div>\n<\/div><\/div><\/div><\/div>\n<\/div>","protected":false},"excerpt":{"rendered":"Verbas de ressarcimento O que s\u00e3o verbas de ressarcimento? Voc\u00ea sabia que&hellip;","protected":false},"author":1,"featured_media":8097,"parent":0,"menu_order":0,"comment_status":"closed","ping_status":"closed","template":"","meta":{"footnotes":""},"class_list":["post-8108","page","type-page","status-publish","has-post-thumbnail"],"yoast_head":"<!-- This site is optimized with the Yoast SEO plugin v27.2 - https:\/\/yoast.com\/product\/yoast-seo-wordpress\/ -->\n<title>Verbas de ressarcimento - Na conta do deputado<\/title>\n<meta name=\"robots\" content=\"index, follow, max-snippet:-1, max-image-preview:large, max-video-preview:-1\" \/>\n<link rel=\"canonical\" href=\"https:\/\/livre.jor.br\/nacontadodeputado\/verbas-de-ressarcimento\/\" \/>\n<meta property=\"og:locale\" content=\"pt_BR\" \/>\n<meta property=\"og:type\" content=\"article\" \/>\n<meta property=\"og:title\" content=\"Verbas de ressarcimento - Na conta do deputado\" \/>\n<meta property=\"og:url\" content=\"https:\/\/livre.jor.br\/nacontadodeputado\/verbas-de-ressarcimento\/\" \/>\n<meta property=\"og:site_name\" content=\"Na conta do deputado\" \/>\n<meta property=\"article:publisher\" content=\"http:\/\/www.facebook.com\/livre.jor\" \/>\n<meta property=\"article:modified_time\" content=\"2022-07-22T12:09:36+00:00\" \/>\n<meta property=\"og:image\" content=\"https:\/\/livre.jor.br\/nacontadodeputado\/wp-content\/uploads\/2022\/07\/fundo_1.jpg\" \/>\n\t<meta property=\"og:image:width\" content=\"585\" \/>\n\t<meta property=\"og:image:height\" content=\"153\" \/>\n\t<meta property=\"og:image:type\" content=\"image\/jpeg\" \/>\n<meta name=\"twitter:card\" content=\"summary_large_image\" \/>\n<meta name=\"twitter:site\" content=\"@livrejor\" \/>\n<meta name=\"twitter:label1\" content=\"Est. tempo de leitura\" \/>\n\t<meta name=\"twitter:data1\" content=\"15 minutos\" \/>\n<script type=\"application\/ld+json\" class=\"yoast-schema-graph\">{\"@context\":\"https:\/\/schema.org\",\"@graph\":[{\"@type\":\"WebPage\",\"@id\":\"https:\/\/livre.jor.br\/nacontadodeputado\/verbas-de-ressarcimento\/\",\"url\":\"https:\/\/livre.jor.br\/nacontadodeputado\/verbas-de-ressarcimento\/\",\"name\":\"Verbas de ressarcimento - Na conta do deputado\",\"isPartOf\":{\"@id\":\"https:\/\/livre.jor.br\/nacontadodeputado\/#website\"},\"primaryImageOfPage\":{\"@id\":\"https:\/\/livre.jor.br\/nacontadodeputado\/verbas-de-ressarcimento\/#primaryimage\"},\"image\":{\"@id\":\"https:\/\/livre.jor.br\/nacontadodeputado\/verbas-de-ressarcimento\/#primaryimage\"},\"thumbnailUrl\":\"https:\/\/livre.jor.br\/nacontadodeputado\/wp-content\/uploads\/2022\/07\/fundo_1.jpg\",\"datePublished\":\"2022-07-22T11:29:31+00:00\",\"dateModified\":\"2022-07-22T12:09:36+00:00\",\"breadcrumb\":{\"@id\":\"https:\/\/livre.jor.br\/nacontadodeputado\/verbas-de-ressarcimento\/#breadcrumb\"},\"inLanguage\":\"pt-BR\",\"potentialAction\":[{\"@type\":\"ReadAction\",\"target\":[\"https:\/\/livre.jor.br\/nacontadodeputado\/verbas-de-ressarcimento\/\"]}]},{\"@type\":\"ImageObject\",\"inLanguage\":\"pt-BR\",\"@id\":\"https:\/\/livre.jor.br\/nacontadodeputado\/verbas-de-ressarcimento\/#primaryimage\",\"url\":\"https:\/\/livre.jor.br\/nacontadodeputado\/wp-content\/uploads\/2022\/07\/fundo_1.jpg\",\"contentUrl\":\"https:\/\/livre.jor.br\/nacontadodeputado\/wp-content\/uploads\/2022\/07\/fundo_1.jpg\",\"width\":585,\"height\":153},{\"@type\":\"BreadcrumbList\",\"@id\":\"https:\/\/livre.jor.br\/nacontadodeputado\/verbas-de-ressarcimento\/#breadcrumb\",\"itemListElement\":[{\"@type\":\"ListItem\",\"position\":1,\"name\":\"In\u00edcio\",\"item\":\"https:\/\/livre.jor.br\/nacontadodeputado\/\"},{\"@type\":\"ListItem\",\"position\":2,\"name\":\"Verbas de ressarcimento\"}]},{\"@type\":\"WebSite\",\"@id\":\"https:\/\/livre.jor.br\/nacontadodeputado\/#website\",\"url\":\"https:\/\/livre.jor.br\/nacontadodeputado\/\",\"name\":\"Na conta do deputado\",\"description\":\"Not\u00edcias impertinentes, de fontes oficiais.\",\"publisher\":{\"@id\":\"https:\/\/livre.jor.br\/nacontadodeputado\/#organization\"},\"potentialAction\":[{\"@type\":\"SearchAction\",\"target\":{\"@type\":\"EntryPoint\",\"urlTemplate\":\"https:\/\/livre.jor.br\/nacontadodeputado\/?s={search_term_string}\"},\"query-input\":{\"@type\":\"PropertyValueSpecification\",\"valueRequired\":true,\"valueName\":\"search_term_string\"}}],\"inLanguage\":\"pt-BR\"},{\"@type\":\"Organization\",\"@id\":\"https:\/\/livre.jor.br\/nacontadodeputado\/#organization\",\"name\":\"Ag\u00eancia Livre.jor de Jornalismo\",\"url\":\"https:\/\/livre.jor.br\/nacontadodeputado\/\",\"logo\":{\"@type\":\"ImageObject\",\"inLanguage\":\"pt-BR\",\"@id\":\"https:\/\/livre.jor.br\/nacontadodeputado\/#\/schema\/logo\/image\/\",\"url\":\"https:\/\/livre.jor.br\/nacontadodeputado\/wp-content\/uploads\/2022\/06\/WhatsApp-Image-2022-05-02-at-11.47.11.jpeg\",\"contentUrl\":\"https:\/\/livre.jor.br\/nacontadodeputado\/wp-content\/uploads\/2022\/06\/WhatsApp-Image-2022-05-02-at-11.47.11.jpeg\",\"width\":1104,\"height\":1020,\"caption\":\"Ag\u00eancia Livre.jor de Jornalismo\"},\"image\":{\"@id\":\"https:\/\/livre.jor.br\/nacontadodeputado\/#\/schema\/logo\/image\/\"},\"sameAs\":[\"http:\/\/www.facebook.com\/livre.jor\",\"https:\/\/x.com\/livrejor\"]}]}<\/script>\n<!-- \/ Yoast SEO plugin. -->","yoast_head_json":{"title":"Verbas de ressarcimento - Na conta do deputado","robots":{"index":"index","follow":"follow","max-snippet":"max-snippet:-1","max-image-preview":"max-image-preview:large","max-video-preview":"max-video-preview:-1"},"canonical":"https:\/\/livre.jor.br\/nacontadodeputado\/verbas-de-ressarcimento\/","og_locale":"pt_BR","og_type":"article","og_title":"Verbas de ressarcimento - Na conta do deputado","og_url":"https:\/\/livre.jor.br\/nacontadodeputado\/verbas-de-ressarcimento\/","og_site_name":"Na conta do deputado","article_publisher":"http:\/\/www.facebook.com\/livre.jor","article_modified_time":"2022-07-22T12:09:36+00:00","og_image":[{"width":585,"height":153,"url":"https:\/\/livre.jor.br\/nacontadodeputado\/wp-content\/uploads\/2022\/07\/fundo_1.jpg","type":"image\/jpeg"}],"twitter_card":"summary_large_image","twitter_site":"@livrejor","twitter_misc":{"Est. tempo de leitura":"15 minutos"},"schema":{"@context":"https:\/\/schema.org","@graph":[{"@type":"WebPage","@id":"https:\/\/livre.jor.br\/nacontadodeputado\/verbas-de-ressarcimento\/","url":"https:\/\/livre.jor.br\/nacontadodeputado\/verbas-de-ressarcimento\/","name":"Verbas de ressarcimento - Na conta do deputado","isPartOf":{"@id":"https:\/\/livre.jor.br\/nacontadodeputado\/#website"},"primaryImageOfPage":{"@id":"https:\/\/livre.jor.br\/nacontadodeputado\/verbas-de-ressarcimento\/#primaryimage"},"image":{"@id":"https:\/\/livre.jor.br\/nacontadodeputado\/verbas-de-ressarcimento\/#primaryimage"},"thumbnailUrl":"https:\/\/livre.jor.br\/nacontadodeputado\/wp-content\/uploads\/2022\/07\/fundo_1.jpg","datePublished":"2022-07-22T11:29:31+00:00","dateModified":"2022-07-22T12:09:36+00:00","breadcrumb":{"@id":"https:\/\/livre.jor.br\/nacontadodeputado\/verbas-de-ressarcimento\/#breadcrumb"},"inLanguage":"pt-BR","potentialAction":[{"@type":"ReadAction","target":["https:\/\/livre.jor.br\/nacontadodeputado\/verbas-de-ressarcimento\/"]}]},{"@type":"ImageObject","inLanguage":"pt-BR","@id":"https:\/\/livre.jor.br\/nacontadodeputado\/verbas-de-ressarcimento\/#primaryimage","url":"https:\/\/livre.jor.br\/nacontadodeputado\/wp-content\/uploads\/2022\/07\/fundo_1.jpg","contentUrl":"https:\/\/livre.jor.br\/nacontadodeputado\/wp-content\/uploads\/2022\/07\/fundo_1.jpg","width":585,"height":153},{"@type":"BreadcrumbList","@id":"https:\/\/livre.jor.br\/nacontadodeputado\/verbas-de-ressarcimento\/#breadcrumb","itemListElement":[{"@type":"ListItem","position":1,"name":"In\u00edcio","item":"https:\/\/livre.jor.br\/nacontadodeputado\/"},{"@type":"ListItem","position":2,"name":"Verbas de ressarcimento"}]},{"@type":"WebSite","@id":"https:\/\/livre.jor.br\/nacontadodeputado\/#website","url":"https:\/\/livre.jor.br\/nacontadodeputado\/","name":"Na conta do deputado","description":"Not\u00edcias impertinentes, de fontes oficiais.","publisher":{"@id":"https:\/\/livre.jor.br\/nacontadodeputado\/#organization"},"potentialAction":[{"@type":"SearchAction","target":{"@type":"EntryPoint","urlTemplate":"https:\/\/livre.jor.br\/nacontadodeputado\/?s={search_term_string}"},"query-input":{"@type":"PropertyValueSpecification","valueRequired":true,"valueName":"search_term_string"}}],"inLanguage":"pt-BR"},{"@type":"Organization","@id":"https:\/\/livre.jor.br\/nacontadodeputado\/#organization","name":"Ag\u00eancia Livre.jor de Jornalismo","url":"https:\/\/livre.jor.br\/nacontadodeputado\/","logo":{"@type":"ImageObject","inLanguage":"pt-BR","@id":"https:\/\/livre.jor.br\/nacontadodeputado\/#\/schema\/logo\/image\/","url":"https:\/\/livre.jor.br\/nacontadodeputado\/wp-content\/uploads\/2022\/06\/WhatsApp-Image-2022-05-02-at-11.47.11.jpeg","contentUrl":"https:\/\/livre.jor.br\/nacontadodeputado\/wp-content\/uploads\/2022\/06\/WhatsApp-Image-2022-05-02-at-11.47.11.jpeg","width":1104,"height":1020,"caption":"Ag\u00eancia Livre.jor de Jornalismo"},"image":{"@id":"https:\/\/livre.jor.br\/nacontadodeputado\/#\/schema\/logo\/image\/"},"sameAs":["http:\/\/www.facebook.com\/livre.jor","https:\/\/x.com\/livrejor"]}]}},"_links":{"self":[{"href":"https:\/\/livre.jor.br\/nacontadodeputado\/wp-json\/wp\/v2\/pages\/8108","targetHints":{"allow":["GET"]}}],"collection":[{"href":"https:\/\/livre.jor.br\/nacontadodeputado\/wp-json\/wp\/v2\/pages"}],"about":[{"href":"https:\/\/livre.jor.br\/nacontadodeputado\/wp-json\/wp\/v2\/types\/page"}],"author":[{"embeddable":true,"href":"https:\/\/livre.jor.br\/nacontadodeputado\/wp-json\/wp\/v2\/users\/1"}],"replies":[{"embeddable":true,"href":"https:\/\/livre.jor.br\/nacontadodeputado\/wp-json\/wp\/v2\/comments?post=8108"}],"version-history":[{"count":2,"href":"https:\/\/livre.jor.br\/nacontadodeputado\/wp-json\/wp\/v2\/pages\/8108\/revisions"}],"predecessor-version":[{"id":8110,"href":"https:\/\/livre.jor.br\/nacontadodeputado\/wp-json\/wp\/v2\/pages\/8108\/revisions\/8110"}],"wp:featuredmedia":[{"embeddable":true,"href":"https:\/\/livre.jor.br\/nacontadodeputado\/wp-json\/wp\/v2\/media\/8097"}],"wp:attachment":[{"href":"https:\/\/livre.jor.br\/nacontadodeputado\/wp-json\/wp\/v2\/media?parent=8108"}],"curies":[{"name":"wp","href":"https:\/\/api.w.org\/{rel}","templated":true}]}}