{"id":8115,"date":"2022-07-22T08:35:02","date_gmt":"2022-07-22T11:35:02","guid":{"rendered":"https:\/\/livre.jor.br\/nacontadodeputado\/?page_id=8115"},"modified":"2022-07-22T09:08:43","modified_gmt":"2022-07-22T12:08:43","slug":"base-de-dados","status":"publish","type":"page","link":"https:\/\/livre.jor.br\/nacontadodeputado\/base-de-dados\/","title":{"rendered":"Base de dados"},"content":{"rendered":"<div class=\"wpb-content-wrapper\"><div class=\"vc_row wpb_row vc_row-fluid\"><div class=\"wpb_column vc_column_container vc_col-sm-12\"><div class=\"vc_column-inner\"><div class=\"wpb_wrapper\">\n\t<div  class=\"wpb_single_image wpb_content_element vc_align_center wpb_content_element\">\n\t\t\n\t\t<figure class=\"wpb_wrapper vc_figure\">\n\t\t\t<div class=\"vc_single_image-wrapper   vc_box_border_grey\"><img loading=\"lazy\" decoding=\"async\" width=\"585\" height=\"153\" src=\"https:\/\/livre.jor.br\/nacontadodeputado\/wp-content\/uploads\/2022\/07\/fundo_1.jpg\" class=\"vc_single_image-img attachment-full\" alt=\"\" title=\"Sem t\u00edtulo-2\" srcset=\"https:\/\/livre.jor.br\/nacontadodeputado\/wp-content\/uploads\/2022\/07\/fundo_1.jpg 585w, https:\/\/livre.jor.br\/nacontadodeputado\/wp-content\/uploads\/2022\/07\/fundo_1-300x78.jpg 300w, https:\/\/livre.jor.br\/nacontadodeputado\/wp-content\/uploads\/2022\/07\/fundo_1-18x5.jpg 18w\" sizes=\"auto, (max-width: 585px) 100vw, 585px\" \/><\/div>\n\t\t<\/figure>\n\t<\/div>\n\n\t<div class=\"wpb_text_column wpb_content_element\" >\n\t\t<div class=\"wpb_wrapper\">\n\t\t\t<header class=\"entry-header\">\n<header class=\"entry-header\">\n<h1 id=\"base-de-dados\" class=\"entry-title\">Base de dados<\/h1>\n<div class=\"drentoSpace\"><\/div>\n<\/header>\n<div class=\"entry-content\">\n<p class=\"western\"><b>Baixe aqui a base<\/b><\/p>\n<p class=\"western\">Nos \u00edcones ao lado, voc\u00ea consegue fazer o download da base que usamos para criar os gr\u00e1ficos do Observat\u00f3rio. Deixamos aqui em\u00a0<a href=\"https:\/\/web.archive.org\/web\/20210615192133\/http:\/\/livre.jor.br\/nacontadodeputado\/wp-content\/uploads\/2016\/06\/Dados.xls\">formato XLS<\/a>\u00a0e em\u00a0<a href=\"https:\/\/web.archive.org\/web\/20210615192133\/http:\/\/livre.jor.br\/nacontadodeputado\/wp-content\/uploads\/2016\/06\/Dados.pdf\">formato PDF<\/a>. Clique no para baixar.<\/p>\n<p class=\"western\"><b>Confira direto no site da Alep<\/b><\/p>\n<p><a href=\"https:\/\/web.archive.org\/web\/20210615192133\/http:\/\/livre.jor.br\/nacontadodeputado\/wp-content\/uploads\/2016\/06\/marca%C3%A7%C3%B5es.jpg\"><img loading=\"lazy\" decoding=\"async\" class=\" size-medium wp-image-60 alignleft\" src=\"https:\/\/web.archive.org\/web\/20210615192133im_\/http:\/\/livre.jor.br\/nacontadodeputado\/wp-content\/uploads\/2016\/06\/marca%C3%A7%C3%B5es-300x213.jpg\" alt=\"marca\u00e7\u00f5es\" width=\"300\" height=\"213\" \/><\/a><\/p>\n<p class=\"western\">Caso queira acompanhar direto no site da Assembleia, basta acessar http:\/\/www.alep.pr.gov.br<\/p>\n<p class=\"western\">Depois clique no bot\u00e3o \u201ctranspar\u00eancia\u201d e na sequ\u00eancia em \u201cdespesas de custeio dos deputados\u201d.<\/p>\n<p class=\"western\">Depois, basta baixar os pdf\u2019s (bloqueados) com as informa\u00e7\u00f5es deputado por deputado.<\/p>\n<\/div>\n<\/header>\n\n\t\t<\/div>\n\t<\/div>\n<\/div><\/div><\/div><\/div>\n<\/div>","protected":false},"excerpt":{"rendered":"Base de dados Baixe aqui a base Nos \u00edcones ao lado, voc\u00ea&hellip;","protected":false},"author":1,"featured_media":8097,"parent":0,"menu_order":0,"comment_status":"closed","ping_status":"closed","template":"","meta":{"footnotes":""},"class_list":["post-8115","page","type-page","status-publish","has-post-thumbnail"],"yoast_head":"<!-- This site is optimized with the Yoast SEO plugin v27.2 - https:\/\/yoast.com\/product\/yoast-seo-wordpress\/ -->\n<title>Base de dados - Na conta do deputado<\/title>\n<meta name=\"robots\" content=\"index, follow, max-snippet:-1, max-image-preview:large, max-video-preview:-1\" \/>\n<link rel=\"canonical\" href=\"https:\/\/livre.jor.br\/nacontadodeputado\/base-de-dados\/\" \/>\n<meta property=\"og:locale\" content=\"pt_BR\" \/>\n<meta property=\"og:type\" content=\"article\" \/>\n<meta property=\"og:title\" content=\"Base de dados - Na conta do deputado\" \/>\n<meta property=\"og:url\" content=\"https:\/\/livre.jor.br\/nacontadodeputado\/base-de-dados\/\" \/>\n<meta property=\"og:site_name\" content=\"Na conta do deputado\" \/>\n<meta property=\"article:publisher\" content=\"http:\/\/www.facebook.com\/livre.jor\" \/>\n<meta property=\"article:modified_time\" content=\"2022-07-22T12:08:43+00:00\" \/>\n<meta property=\"og:image\" content=\"https:\/\/livre.jor.br\/nacontadodeputado\/wp-content\/uploads\/2022\/07\/fundo_1.jpg\" \/>\n\t<meta property=\"og:image:width\" content=\"585\" \/>\n\t<meta property=\"og:image:height\" content=\"153\" \/>\n\t<meta property=\"og:image:type\" content=\"image\/jpeg\" \/>\n<meta name=\"twitter:card\" content=\"summary_large_image\" \/>\n<meta name=\"twitter:site\" content=\"@livrejor\" \/>\n<meta name=\"twitter:label1\" content=\"Est. tempo de leitura\" \/>\n\t<meta name=\"twitter:data1\" content=\"15 minutos\" \/>\n<script type=\"application\/ld+json\" class=\"yoast-schema-graph\">{\"@context\":\"https:\/\/schema.org\",\"@graph\":[{\"@type\":\"WebPage\",\"@id\":\"https:\/\/livre.jor.br\/nacontadodeputado\/base-de-dados\/\",\"url\":\"https:\/\/livre.jor.br\/nacontadodeputado\/base-de-dados\/\",\"name\":\"Base de dados - Na conta do deputado\",\"isPartOf\":{\"@id\":\"https:\/\/livre.jor.br\/nacontadodeputado\/#website\"},\"primaryImageOfPage\":{\"@id\":\"https:\/\/livre.jor.br\/nacontadodeputado\/base-de-dados\/#primaryimage\"},\"image\":{\"@id\":\"https:\/\/livre.jor.br\/nacontadodeputado\/base-de-dados\/#primaryimage\"},\"thumbnailUrl\":\"https:\/\/livre.jor.br\/nacontadodeputado\/wp-content\/uploads\/2022\/07\/fundo_1.jpg\",\"datePublished\":\"2022-07-22T11:35:02+00:00\",\"dateModified\":\"2022-07-22T12:08:43+00:00\",\"breadcrumb\":{\"@id\":\"https:\/\/livre.jor.br\/nacontadodeputado\/base-de-dados\/#breadcrumb\"},\"inLanguage\":\"pt-BR\",\"potentialAction\":[{\"@type\":\"ReadAction\",\"target\":[\"https:\/\/livre.jor.br\/nacontadodeputado\/base-de-dados\/\"]}]},{\"@type\":\"ImageObject\",\"inLanguage\":\"pt-BR\",\"@id\":\"https:\/\/livre.jor.br\/nacontadodeputado\/base-de-dados\/#primaryimage\",\"url\":\"https:\/\/livre.jor.br\/nacontadodeputado\/wp-content\/uploads\/2022\/07\/fundo_1.jpg\",\"contentUrl\":\"https:\/\/livre.jor.br\/nacontadodeputado\/wp-content\/uploads\/2022\/07\/fundo_1.jpg\",\"width\":585,\"height\":153},{\"@type\":\"BreadcrumbList\",\"@id\":\"https:\/\/livre.jor.br\/nacontadodeputado\/base-de-dados\/#breadcrumb\",\"itemListElement\":[{\"@type\":\"ListItem\",\"position\":1,\"name\":\"In\u00edcio\",\"item\":\"https:\/\/livre.jor.br\/nacontadodeputado\/\"},{\"@type\":\"ListItem\",\"position\":2,\"name\":\"Base de dados\"}]},{\"@type\":\"WebSite\",\"@id\":\"https:\/\/livre.jor.br\/nacontadodeputado\/#website\",\"url\":\"https:\/\/livre.jor.br\/nacontadodeputado\/\",\"name\":\"Na conta do deputado\",\"description\":\"Not\u00edcias impertinentes, de fontes oficiais.\",\"publisher\":{\"@id\":\"https:\/\/livre.jor.br\/nacontadodeputado\/#organization\"},\"potentialAction\":[{\"@type\":\"SearchAction\",\"target\":{\"@type\":\"EntryPoint\",\"urlTemplate\":\"https:\/\/livre.jor.br\/nacontadodeputado\/?s={search_term_string}\"},\"query-input\":{\"@type\":\"PropertyValueSpecification\",\"valueRequired\":true,\"valueName\":\"search_term_string\"}}],\"inLanguage\":\"pt-BR\"},{\"@type\":\"Organization\",\"@id\":\"https:\/\/livre.jor.br\/nacontadodeputado\/#organization\",\"name\":\"Ag\u00eancia Livre.jor de Jornalismo\",\"url\":\"https:\/\/livre.jor.br\/nacontadodeputado\/\",\"logo\":{\"@type\":\"ImageObject\",\"inLanguage\":\"pt-BR\",\"@id\":\"https:\/\/livre.jor.br\/nacontadodeputado\/#\/schema\/logo\/image\/\",\"url\":\"https:\/\/livre.jor.br\/nacontadodeputado\/wp-content\/uploads\/2022\/06\/WhatsApp-Image-2022-05-02-at-11.47.11.jpeg\",\"contentUrl\":\"https:\/\/livre.jor.br\/nacontadodeputado\/wp-content\/uploads\/2022\/06\/WhatsApp-Image-2022-05-02-at-11.47.11.jpeg\",\"width\":1104,\"height\":1020,\"caption\":\"Ag\u00eancia Livre.jor de Jornalismo\"},\"image\":{\"@id\":\"https:\/\/livre.jor.br\/nacontadodeputado\/#\/schema\/logo\/image\/\"},\"sameAs\":[\"http:\/\/www.facebook.com\/livre.jor\",\"https:\/\/x.com\/livrejor\"]}]}<\/script>\n<!-- \/ Yoast SEO plugin. -->","yoast_head_json":{"title":"Base de dados - Na conta do deputado","robots":{"index":"index","follow":"follow","max-snippet":"max-snippet:-1","max-image-preview":"max-image-preview:large","max-video-preview":"max-video-preview:-1"},"canonical":"https:\/\/livre.jor.br\/nacontadodeputado\/base-de-dados\/","og_locale":"pt_BR","og_type":"article","og_title":"Base de dados - Na conta do deputado","og_url":"https:\/\/livre.jor.br\/nacontadodeputado\/base-de-dados\/","og_site_name":"Na conta do deputado","article_publisher":"http:\/\/www.facebook.com\/livre.jor","article_modified_time":"2022-07-22T12:08:43+00:00","og_image":[{"width":585,"height":153,"url":"https:\/\/livre.jor.br\/nacontadodeputado\/wp-content\/uploads\/2022\/07\/fundo_1.jpg","type":"image\/jpeg"}],"twitter_card":"summary_large_image","twitter_site":"@livrejor","twitter_misc":{"Est. tempo de leitura":"15 minutos"},"schema":{"@context":"https:\/\/schema.org","@graph":[{"@type":"WebPage","@id":"https:\/\/livre.jor.br\/nacontadodeputado\/base-de-dados\/","url":"https:\/\/livre.jor.br\/nacontadodeputado\/base-de-dados\/","name":"Base de dados - Na conta do deputado","isPartOf":{"@id":"https:\/\/livre.jor.br\/nacontadodeputado\/#website"},"primaryImageOfPage":{"@id":"https:\/\/livre.jor.br\/nacontadodeputado\/base-de-dados\/#primaryimage"},"image":{"@id":"https:\/\/livre.jor.br\/nacontadodeputado\/base-de-dados\/#primaryimage"},"thumbnailUrl":"https:\/\/livre.jor.br\/nacontadodeputado\/wp-content\/uploads\/2022\/07\/fundo_1.jpg","datePublished":"2022-07-22T11:35:02+00:00","dateModified":"2022-07-22T12:08:43+00:00","breadcrumb":{"@id":"https:\/\/livre.jor.br\/nacontadodeputado\/base-de-dados\/#breadcrumb"},"inLanguage":"pt-BR","potentialAction":[{"@type":"ReadAction","target":["https:\/\/livre.jor.br\/nacontadodeputado\/base-de-dados\/"]}]},{"@type":"ImageObject","inLanguage":"pt-BR","@id":"https:\/\/livre.jor.br\/nacontadodeputado\/base-de-dados\/#primaryimage","url":"https:\/\/livre.jor.br\/nacontadodeputado\/wp-content\/uploads\/2022\/07\/fundo_1.jpg","contentUrl":"https:\/\/livre.jor.br\/nacontadodeputado\/wp-content\/uploads\/2022\/07\/fundo_1.jpg","width":585,"height":153},{"@type":"BreadcrumbList","@id":"https:\/\/livre.jor.br\/nacontadodeputado\/base-de-dados\/#breadcrumb","itemListElement":[{"@type":"ListItem","position":1,"name":"In\u00edcio","item":"https:\/\/livre.jor.br\/nacontadodeputado\/"},{"@type":"ListItem","position":2,"name":"Base de dados"}]},{"@type":"WebSite","@id":"https:\/\/livre.jor.br\/nacontadodeputado\/#website","url":"https:\/\/livre.jor.br\/nacontadodeputado\/","name":"Na conta do deputado","description":"Not\u00edcias impertinentes, de fontes oficiais.","publisher":{"@id":"https:\/\/livre.jor.br\/nacontadodeputado\/#organization"},"potentialAction":[{"@type":"SearchAction","target":{"@type":"EntryPoint","urlTemplate":"https:\/\/livre.jor.br\/nacontadodeputado\/?s={search_term_string}"},"query-input":{"@type":"PropertyValueSpecification","valueRequired":true,"valueName":"search_term_string"}}],"inLanguage":"pt-BR"},{"@type":"Organization","@id":"https:\/\/livre.jor.br\/nacontadodeputado\/#organization","name":"Ag\u00eancia Livre.jor de Jornalismo","url":"https:\/\/livre.jor.br\/nacontadodeputado\/","logo":{"@type":"ImageObject","inLanguage":"pt-BR","@id":"https:\/\/livre.jor.br\/nacontadodeputado\/#\/schema\/logo\/image\/","url":"https:\/\/livre.jor.br\/nacontadodeputado\/wp-content\/uploads\/2022\/06\/WhatsApp-Image-2022-05-02-at-11.47.11.jpeg","contentUrl":"https:\/\/livre.jor.br\/nacontadodeputado\/wp-content\/uploads\/2022\/06\/WhatsApp-Image-2022-05-02-at-11.47.11.jpeg","width":1104,"height":1020,"caption":"Ag\u00eancia Livre.jor de Jornalismo"},"image":{"@id":"https:\/\/livre.jor.br\/nacontadodeputado\/#\/schema\/logo\/image\/"},"sameAs":["http:\/\/www.facebook.com\/livre.jor","https:\/\/x.com\/livrejor"]}]}},"_links":{"self":[{"href":"https:\/\/livre.jor.br\/nacontadodeputado\/wp-json\/wp\/v2\/pages\/8115","targetHints":{"allow":["GET"]}}],"collection":[{"href":"https:\/\/livre.jor.br\/nacontadodeputado\/wp-json\/wp\/v2\/pages"}],"about":[{"href":"https:\/\/livre.jor.br\/nacontadodeputado\/wp-json\/wp\/v2\/types\/page"}],"author":[{"embeddable":true,"href":"https:\/\/livre.jor.br\/nacontadodeputado\/wp-json\/wp\/v2\/users\/1"}],"replies":[{"embeddable":true,"href":"https:\/\/livre.jor.br\/nacontadodeputado\/wp-json\/wp\/v2\/comments?post=8115"}],"version-history":[{"count":6,"href":"https:\/\/livre.jor.br\/nacontadodeputado\/wp-json\/wp\/v2\/pages\/8115\/revisions"}],"predecessor-version":[{"id":8138,"href":"https:\/\/livre.jor.br\/nacontadodeputado\/wp-json\/wp\/v2\/pages\/8115\/revisions\/8138"}],"wp:featuredmedia":[{"embeddable":true,"href":"https:\/\/livre.jor.br\/nacontadodeputado\/wp-json\/wp\/v2\/media\/8097"}],"wp:attachment":[{"href":"https:\/\/livre.jor.br\/nacontadodeputado\/wp-json\/wp\/v2\/media?parent=8115"}],"curies":[{"name":"wp","href":"https:\/\/api.w.org\/{rel}","templated":true}]}}