{"id":8117,"date":"2022-07-22T08:36:58","date_gmt":"2022-07-22T11:36:58","guid":{"rendered":"https:\/\/livre.jor.br\/nacontadodeputado\/?page_id=8117"},"modified":"2022-07-22T09:08:49","modified_gmt":"2022-07-22T12:08:49","slug":"como-acompanhar","status":"publish","type":"page","link":"https:\/\/livre.jor.br\/nacontadodeputado\/como-acompanhar\/","title":{"rendered":"Como acompanhar?"},"content":{"rendered":"<div class=\"wpb-content-wrapper\"><div class=\"vc_row wpb_row vc_row-fluid\"><div class=\"wpb_column vc_column_container vc_col-sm-12\"><div class=\"vc_column-inner\"><div class=\"wpb_wrapper\">\n\t<div  class=\"wpb_single_image wpb_content_element vc_align_center wpb_content_element\">\n\t\t\n\t\t<figure class=\"wpb_wrapper vc_figure\">\n\t\t\t<div class=\"vc_single_image-wrapper   vc_box_border_grey\"><img loading=\"lazy\" decoding=\"async\" width=\"585\" height=\"153\" src=\"https:\/\/livre.jor.br\/nacontadodeputado\/wp-content\/uploads\/2022\/07\/fundo_1.jpg\" class=\"vc_single_image-img attachment-full\" alt=\"\" title=\"Sem t\u00edtulo-2\" srcset=\"https:\/\/livre.jor.br\/nacontadodeputado\/wp-content\/uploads\/2022\/07\/fundo_1.jpg 585w, https:\/\/livre.jor.br\/nacontadodeputado\/wp-content\/uploads\/2022\/07\/fundo_1-300x78.jpg 300w, https:\/\/livre.jor.br\/nacontadodeputado\/wp-content\/uploads\/2022\/07\/fundo_1-18x5.jpg 18w\" sizes=\"auto, (max-width: 585px) 100vw, 585px\" \/><\/div>\n\t\t<\/figure>\n\t<\/div>\n\n\t<div class=\"wpb_text_column wpb_content_element\" >\n\t\t<div class=\"wpb_wrapper\">\n\t\t\t<header class=\"entry-header\">\n<article id=\"post-49\" class=\"post-49 page type-page status-publish hentry\">\n<header class=\"entry-header\">\n<h1 id=\"como-acompanhar\" class=\"entry-title\">Como acompanhar?<\/h1>\n<div class=\"drentoSpace\"><\/div>\n<\/header>\n<div class=\"entry-content\">\n<p><a href=\"https:\/\/web.archive.org\/web\/20210615182313\/http:\/\/livre.jor.br\/nacontadodeputado\/wp-content\/uploads\/2016\/06\/item_site_1.jpg\"><img loading=\"lazy\" decoding=\"async\" class=\" size-full wp-image-50 alignright\" src=\"https:\/\/web.archive.org\/web\/20210615182313im_\/http:\/\/livre.jor.br\/nacontadodeputado\/wp-content\/uploads\/2016\/06\/item_site_1.jpg\" alt=\"item_site_1\" width=\"289\" height=\"242\" \/><\/a><\/p>\n<p class=\"western\"><b>Fa\u00e7a a sua sele\u00e7\u00e3o<\/b><\/p>\n<p class=\"western\">Voc\u00ea pode definir por ver os gastos de um deputado ou de v\u00e1rios. Para mais de um, use o crtl e o mouse. Use tamb\u00e9m a sele\u00e7\u00e3o de meses para os recortes temporais.<\/p>\n<p>&nbsp;<\/p>\n<p><a href=\"https:\/\/web.archive.org\/web\/20210615182313\/http:\/\/livre.jor.br\/nacontadodeputado\/wp-content\/uploads\/2016\/06\/item_site_2.jpg\"><img loading=\"lazy\" decoding=\"async\" class=\" size-medium wp-image-55 alignleft\" src=\"https:\/\/web.archive.org\/web\/20210615182313im_\/http:\/\/livre.jor.br\/nacontadodeputado\/wp-content\/uploads\/2016\/06\/item_site_2-300x184.jpg\" alt=\"item_site_2\" width=\"300\" height=\"184\" \/><\/a><\/p>\n<p class=\"western\"><b>Navegue pelas abas<\/b><\/p>\n<p class=\"western\">Use as abas no final das p\u00e1ginas para ver mais assuntos. Com a diversidade de gr\u00e1ficos e temas, voc\u00ea pode cruzar v\u00e1rios assuntos na tabela.<\/p>\n<p class=\"western\">\n<p class=\"western\"><b>Percorra os grupos<\/b><a href=\"https:\/\/web.archive.org\/web\/20210615182313\/http:\/\/livre.jor.br\/nacontadodeputado\/wp-content\/uploads\/2016\/06\/item_site_3.jpg\"><img loading=\"lazy\" decoding=\"async\" class=\" size-medium wp-image-107 alignright\" src=\"https:\/\/web.archive.org\/web\/20210615182313im_\/http:\/\/livre.jor.br\/nacontadodeputado\/wp-content\/uploads\/2016\/06\/item_site_3-300x285.jpg\" alt=\"item_site_3\" width=\"300\" height=\"285\" \/><\/a><\/p>\n<p class=\"western\">Como s\u00e3o v\u00e1rios os itens previstos nas planilhas de ressarcimento, definimos por agrupar por assuntos macros. No entanto, buscamos manter nos grupos os itens espec\u00edficos.<\/p>\n<\/div>\n<footer class=\"entry-footer\"><\/footer>\n<\/article>\n<\/header>\n\n\t\t<\/div>\n\t<\/div>\n<\/div><\/div><\/div><\/div>\n<\/div>","protected":false},"excerpt":{"rendered":"Como acompanhar? Fa\u00e7a a sua sele\u00e7\u00e3o Voc\u00ea pode definir por ver os&hellip;","protected":false},"author":1,"featured_media":8097,"parent":0,"menu_order":0,"comment_status":"closed","ping_status":"closed","template":"","meta":{"footnotes":""},"class_list":["post-8117","page","type-page","status-publish","has-post-thumbnail"],"yoast_head":"<!-- This site is optimized with the Yoast SEO plugin v27.2 - https:\/\/yoast.com\/product\/yoast-seo-wordpress\/ -->\n<title>Como acompanhar? - Na conta do deputado<\/title>\n<meta name=\"robots\" content=\"index, follow, max-snippet:-1, max-image-preview:large, max-video-preview:-1\" \/>\n<link rel=\"canonical\" href=\"https:\/\/livre.jor.br\/nacontadodeputado\/como-acompanhar\/\" \/>\n<meta property=\"og:locale\" content=\"pt_BR\" \/>\n<meta property=\"og:type\" content=\"article\" \/>\n<meta property=\"og:title\" content=\"Como acompanhar? - Na conta do deputado\" \/>\n<meta property=\"og:url\" content=\"https:\/\/livre.jor.br\/nacontadodeputado\/como-acompanhar\/\" \/>\n<meta property=\"og:site_name\" content=\"Na conta do deputado\" \/>\n<meta property=\"article:publisher\" content=\"http:\/\/www.facebook.com\/livre.jor\" \/>\n<meta property=\"article:modified_time\" content=\"2022-07-22T12:08:49+00:00\" \/>\n<meta property=\"og:image\" content=\"https:\/\/livre.jor.br\/nacontadodeputado\/wp-content\/uploads\/2022\/07\/fundo_1.jpg\" \/>\n\t<meta property=\"og:image:width\" content=\"585\" \/>\n\t<meta property=\"og:image:height\" content=\"153\" \/>\n\t<meta property=\"og:image:type\" content=\"image\/jpeg\" \/>\n<meta name=\"twitter:card\" content=\"summary_large_image\" \/>\n<meta name=\"twitter:site\" content=\"@livrejor\" \/>\n<meta name=\"twitter:label1\" content=\"Est. tempo de leitura\" \/>\n\t<meta name=\"twitter:data1\" content=\"15 minutos\" \/>\n<script type=\"application\/ld+json\" class=\"yoast-schema-graph\">{\"@context\":\"https:\/\/schema.org\",\"@graph\":[{\"@type\":\"WebPage\",\"@id\":\"https:\/\/livre.jor.br\/nacontadodeputado\/como-acompanhar\/\",\"url\":\"https:\/\/livre.jor.br\/nacontadodeputado\/como-acompanhar\/\",\"name\":\"Como acompanhar? - Na conta do deputado\",\"isPartOf\":{\"@id\":\"https:\/\/livre.jor.br\/nacontadodeputado\/#website\"},\"primaryImageOfPage\":{\"@id\":\"https:\/\/livre.jor.br\/nacontadodeputado\/como-acompanhar\/#primaryimage\"},\"image\":{\"@id\":\"https:\/\/livre.jor.br\/nacontadodeputado\/como-acompanhar\/#primaryimage\"},\"thumbnailUrl\":\"https:\/\/livre.jor.br\/nacontadodeputado\/wp-content\/uploads\/2022\/07\/fundo_1.jpg\",\"datePublished\":\"2022-07-22T11:36:58+00:00\",\"dateModified\":\"2022-07-22T12:08:49+00:00\",\"breadcrumb\":{\"@id\":\"https:\/\/livre.jor.br\/nacontadodeputado\/como-acompanhar\/#breadcrumb\"},\"inLanguage\":\"pt-BR\",\"potentialAction\":[{\"@type\":\"ReadAction\",\"target\":[\"https:\/\/livre.jor.br\/nacontadodeputado\/como-acompanhar\/\"]}]},{\"@type\":\"ImageObject\",\"inLanguage\":\"pt-BR\",\"@id\":\"https:\/\/livre.jor.br\/nacontadodeputado\/como-acompanhar\/#primaryimage\",\"url\":\"https:\/\/livre.jor.br\/nacontadodeputado\/wp-content\/uploads\/2022\/07\/fundo_1.jpg\",\"contentUrl\":\"https:\/\/livre.jor.br\/nacontadodeputado\/wp-content\/uploads\/2022\/07\/fundo_1.jpg\",\"width\":585,\"height\":153},{\"@type\":\"BreadcrumbList\",\"@id\":\"https:\/\/livre.jor.br\/nacontadodeputado\/como-acompanhar\/#breadcrumb\",\"itemListElement\":[{\"@type\":\"ListItem\",\"position\":1,\"name\":\"In\u00edcio\",\"item\":\"https:\/\/livre.jor.br\/nacontadodeputado\/\"},{\"@type\":\"ListItem\",\"position\":2,\"name\":\"Como acompanhar?\"}]},{\"@type\":\"WebSite\",\"@id\":\"https:\/\/livre.jor.br\/nacontadodeputado\/#website\",\"url\":\"https:\/\/livre.jor.br\/nacontadodeputado\/\",\"name\":\"Na conta do deputado\",\"description\":\"Not\u00edcias impertinentes, de fontes oficiais.\",\"publisher\":{\"@id\":\"https:\/\/livre.jor.br\/nacontadodeputado\/#organization\"},\"potentialAction\":[{\"@type\":\"SearchAction\",\"target\":{\"@type\":\"EntryPoint\",\"urlTemplate\":\"https:\/\/livre.jor.br\/nacontadodeputado\/?s={search_term_string}\"},\"query-input\":{\"@type\":\"PropertyValueSpecification\",\"valueRequired\":true,\"valueName\":\"search_term_string\"}}],\"inLanguage\":\"pt-BR\"},{\"@type\":\"Organization\",\"@id\":\"https:\/\/livre.jor.br\/nacontadodeputado\/#organization\",\"name\":\"Ag\u00eancia Livre.jor de Jornalismo\",\"url\":\"https:\/\/livre.jor.br\/nacontadodeputado\/\",\"logo\":{\"@type\":\"ImageObject\",\"inLanguage\":\"pt-BR\",\"@id\":\"https:\/\/livre.jor.br\/nacontadodeputado\/#\/schema\/logo\/image\/\",\"url\":\"https:\/\/livre.jor.br\/nacontadodeputado\/wp-content\/uploads\/2022\/06\/WhatsApp-Image-2022-05-02-at-11.47.11.jpeg\",\"contentUrl\":\"https:\/\/livre.jor.br\/nacontadodeputado\/wp-content\/uploads\/2022\/06\/WhatsApp-Image-2022-05-02-at-11.47.11.jpeg\",\"width\":1104,\"height\":1020,\"caption\":\"Ag\u00eancia Livre.jor de Jornalismo\"},\"image\":{\"@id\":\"https:\/\/livre.jor.br\/nacontadodeputado\/#\/schema\/logo\/image\/\"},\"sameAs\":[\"http:\/\/www.facebook.com\/livre.jor\",\"https:\/\/x.com\/livrejor\"]}]}<\/script>\n<!-- \/ Yoast SEO plugin. -->","yoast_head_json":{"title":"Como acompanhar? - Na conta do deputado","robots":{"index":"index","follow":"follow","max-snippet":"max-snippet:-1","max-image-preview":"max-image-preview:large","max-video-preview":"max-video-preview:-1"},"canonical":"https:\/\/livre.jor.br\/nacontadodeputado\/como-acompanhar\/","og_locale":"pt_BR","og_type":"article","og_title":"Como acompanhar? - Na conta do deputado","og_url":"https:\/\/livre.jor.br\/nacontadodeputado\/como-acompanhar\/","og_site_name":"Na conta do deputado","article_publisher":"http:\/\/www.facebook.com\/livre.jor","article_modified_time":"2022-07-22T12:08:49+00:00","og_image":[{"width":585,"height":153,"url":"https:\/\/livre.jor.br\/nacontadodeputado\/wp-content\/uploads\/2022\/07\/fundo_1.jpg","type":"image\/jpeg"}],"twitter_card":"summary_large_image","twitter_site":"@livrejor","twitter_misc":{"Est. tempo de leitura":"15 minutos"},"schema":{"@context":"https:\/\/schema.org","@graph":[{"@type":"WebPage","@id":"https:\/\/livre.jor.br\/nacontadodeputado\/como-acompanhar\/","url":"https:\/\/livre.jor.br\/nacontadodeputado\/como-acompanhar\/","name":"Como acompanhar? - Na conta do deputado","isPartOf":{"@id":"https:\/\/livre.jor.br\/nacontadodeputado\/#website"},"primaryImageOfPage":{"@id":"https:\/\/livre.jor.br\/nacontadodeputado\/como-acompanhar\/#primaryimage"},"image":{"@id":"https:\/\/livre.jor.br\/nacontadodeputado\/como-acompanhar\/#primaryimage"},"thumbnailUrl":"https:\/\/livre.jor.br\/nacontadodeputado\/wp-content\/uploads\/2022\/07\/fundo_1.jpg","datePublished":"2022-07-22T11:36:58+00:00","dateModified":"2022-07-22T12:08:49+00:00","breadcrumb":{"@id":"https:\/\/livre.jor.br\/nacontadodeputado\/como-acompanhar\/#breadcrumb"},"inLanguage":"pt-BR","potentialAction":[{"@type":"ReadAction","target":["https:\/\/livre.jor.br\/nacontadodeputado\/como-acompanhar\/"]}]},{"@type":"ImageObject","inLanguage":"pt-BR","@id":"https:\/\/livre.jor.br\/nacontadodeputado\/como-acompanhar\/#primaryimage","url":"https:\/\/livre.jor.br\/nacontadodeputado\/wp-content\/uploads\/2022\/07\/fundo_1.jpg","contentUrl":"https:\/\/livre.jor.br\/nacontadodeputado\/wp-content\/uploads\/2022\/07\/fundo_1.jpg","width":585,"height":153},{"@type":"BreadcrumbList","@id":"https:\/\/livre.jor.br\/nacontadodeputado\/como-acompanhar\/#breadcrumb","itemListElement":[{"@type":"ListItem","position":1,"name":"In\u00edcio","item":"https:\/\/livre.jor.br\/nacontadodeputado\/"},{"@type":"ListItem","position":2,"name":"Como acompanhar?"}]},{"@type":"WebSite","@id":"https:\/\/livre.jor.br\/nacontadodeputado\/#website","url":"https:\/\/livre.jor.br\/nacontadodeputado\/","name":"Na conta do deputado","description":"Not\u00edcias impertinentes, de fontes oficiais.","publisher":{"@id":"https:\/\/livre.jor.br\/nacontadodeputado\/#organization"},"potentialAction":[{"@type":"SearchAction","target":{"@type":"EntryPoint","urlTemplate":"https:\/\/livre.jor.br\/nacontadodeputado\/?s={search_term_string}"},"query-input":{"@type":"PropertyValueSpecification","valueRequired":true,"valueName":"search_term_string"}}],"inLanguage":"pt-BR"},{"@type":"Organization","@id":"https:\/\/livre.jor.br\/nacontadodeputado\/#organization","name":"Ag\u00eancia Livre.jor de Jornalismo","url":"https:\/\/livre.jor.br\/nacontadodeputado\/","logo":{"@type":"ImageObject","inLanguage":"pt-BR","@id":"https:\/\/livre.jor.br\/nacontadodeputado\/#\/schema\/logo\/image\/","url":"https:\/\/livre.jor.br\/nacontadodeputado\/wp-content\/uploads\/2022\/06\/WhatsApp-Image-2022-05-02-at-11.47.11.jpeg","contentUrl":"https:\/\/livre.jor.br\/nacontadodeputado\/wp-content\/uploads\/2022\/06\/WhatsApp-Image-2022-05-02-at-11.47.11.jpeg","width":1104,"height":1020,"caption":"Ag\u00eancia Livre.jor de Jornalismo"},"image":{"@id":"https:\/\/livre.jor.br\/nacontadodeputado\/#\/schema\/logo\/image\/"},"sameAs":["http:\/\/www.facebook.com\/livre.jor","https:\/\/x.com\/livrejor"]}]}},"_links":{"self":[{"href":"https:\/\/livre.jor.br\/nacontadodeputado\/wp-json\/wp\/v2\/pages\/8117","targetHints":{"allow":["GET"]}}],"collection":[{"href":"https:\/\/livre.jor.br\/nacontadodeputado\/wp-json\/wp\/v2\/pages"}],"about":[{"href":"https:\/\/livre.jor.br\/nacontadodeputado\/wp-json\/wp\/v2\/types\/page"}],"author":[{"embeddable":true,"href":"https:\/\/livre.jor.br\/nacontadodeputado\/wp-json\/wp\/v2\/users\/1"}],"replies":[{"embeddable":true,"href":"https:\/\/livre.jor.br\/nacontadodeputado\/wp-json\/wp\/v2\/comments?post=8117"}],"version-history":[{"count":3,"href":"https:\/\/livre.jor.br\/nacontadodeputado\/wp-json\/wp\/v2\/pages\/8117\/revisions"}],"predecessor-version":[{"id":8135,"href":"https:\/\/livre.jor.br\/nacontadodeputado\/wp-json\/wp\/v2\/pages\/8117\/revisions\/8135"}],"wp:featuredmedia":[{"embeddable":true,"href":"https:\/\/livre.jor.br\/nacontadodeputado\/wp-json\/wp\/v2\/media\/8097"}],"wp:attachment":[{"href":"https:\/\/livre.jor.br\/nacontadodeputado\/wp-json\/wp\/v2\/media?parent=8117"}],"curies":[{"name":"wp","href":"https:\/\/api.w.org\/{rel}","templated":true}]}}