{"id":8119,"date":"2022-07-22T08:36:55","date_gmt":"2022-07-22T11:36:55","guid":{"rendered":"https:\/\/livre.jor.br\/nacontadodeputado\/?page_id=8119"},"modified":"2022-07-22T09:09:24","modified_gmt":"2022-07-22T12:09:24","slug":"um-projeto-livre-jor","status":"publish","type":"page","link":"https:\/\/livre.jor.br\/nacontadodeputado\/um-projeto-livre-jor\/","title":{"rendered":"Um projeto Livre.jor"},"content":{"rendered":"<div class=\"wpb-content-wrapper\"><div class=\"vc_row wpb_row vc_row-fluid\"><div class=\"wpb_column vc_column_container vc_col-sm-12\"><div class=\"vc_column-inner\"><div class=\"wpb_wrapper\">\n\t<div  class=\"wpb_single_image wpb_content_element vc_align_center wpb_content_element\">\n\t\t\n\t\t<figure class=\"wpb_wrapper vc_figure\">\n\t\t\t<div class=\"vc_single_image-wrapper   vc_box_border_grey\"><img loading=\"lazy\" decoding=\"async\" width=\"585\" height=\"153\" src=\"https:\/\/livre.jor.br\/nacontadodeputado\/wp-content\/uploads\/2022\/07\/fundo_1.jpg\" class=\"vc_single_image-img attachment-full\" alt=\"\" title=\"Sem t\u00edtulo-2\" srcset=\"https:\/\/livre.jor.br\/nacontadodeputado\/wp-content\/uploads\/2022\/07\/fundo_1.jpg 585w, https:\/\/livre.jor.br\/nacontadodeputado\/wp-content\/uploads\/2022\/07\/fundo_1-300x78.jpg 300w, https:\/\/livre.jor.br\/nacontadodeputado\/wp-content\/uploads\/2022\/07\/fundo_1-18x5.jpg 18w\" sizes=\"auto, (max-width: 585px) 100vw, 585px\" \/><\/div>\n\t\t<\/figure>\n\t<\/div>\n\n\t<div class=\"wpb_text_column wpb_content_element\" >\n\t\t<div class=\"wpb_wrapper\">\n\t\t\t<header class=\"entry-header\">\n<header class=\"entry-header\">\n<h1 id=\"um-projeto-livre-jor\" class=\"entry-title\">Um projeto Livre.jor<\/h1>\n<div class=\"drentoSpace\"><\/div>\n<\/header>\n<div class=\"entry-content\">\n<div id=\"comp-ipg57xr8\" class=\"s3\" data-reactid=\".0.$SITE_ROOT.$desktop_siteRoot.$PAGES_CONTAINER.1.1.$SITE_PAGES.$c1dmp.1.$comp-ipg57xr8\">\n<p><a href=\"https:\/\/web.archive.org\/web\/20210615192948\/http:\/\/livre.jor.br\/nacontadodeputado\/wp-content\/uploads\/2016\/06\/logo_conta1.jpg\"><img loading=\"lazy\" decoding=\"async\" class=\" size-medium wp-image-70 alignleft\" src=\"https:\/\/web.archive.org\/web\/20210615192948im_\/http:\/\/livre.jor.br\/nacontadodeputado\/wp-content\/uploads\/2016\/06\/logo_conta1-300x230.jpg\" alt=\"logo_conta\" width=\"300\" height=\"230\" \/><\/a><\/p>\n<p class=\"western\">Transpar\u00eancia, dados p\u00fablicos, jornalismo de dados, obstina\u00e7\u00e3o e um baita compromisso com a sociedade e com a not\u00edcia. O Livre.jor mistura tudo isso e mais um pouco. E \u00e9 com essa motiva\u00e7\u00e3o que propomos o acompanhamento de gastos dos deputados paranaenses, o Na Conta do Deputado, um observat\u00f3rio das verbas de ressarcimento.<\/p>\n<\/div>\n<p class=\"western\"><a href=\"https:\/\/livre.jor.br\/\" rel=\"https:\/\/livre.jor.br\/nacontadodeputado\/wp-content\/uploads\/2022\/06\/WhatsApp-Image-2022-05-02-at-11.47.11.jpeg\"><img loading=\"lazy\" decoding=\"async\" class=\"alignright wp-image-69 size-medium\" src=\"https:\/\/livre.jor.br\/nacontadodeputado\/wp-content\/uploads\/2022\/06\/WhatsApp-Image-2022-05-02-at-11.47.11.jpeg\" alt=\"logo_livre\" width=\"300\" height=\"282\" \/><\/a><\/p>\n<p class=\"western\">T\u00e1 p\u00fablico, pode-se acessar, mas n\u00e3o est\u00e1 acess\u00edvel. \u00c9 assim que est\u00e3o os dados de gastos dos deputados no site da Alep. Est\u00e3o divididos em arquivos PDF em verbas e em fornecedores, por m\u00eas e separado por deputado. S\u00e3o 54 parlamentares, o que resulta em 108 arquivos mensais. Al\u00e9m disso, os PDF\u2019s est\u00e3o bloqueados.<\/p>\n<p class=\"western\">Com isso, foi um pouco dificultoso quebrar tais barreiras e tentar dar um pouco mais de clareza nesse mar de dados, que s\u00e3o representa\u00e7\u00f5es de recursos p\u00fablicos. O observat\u00f3rio n\u00e3o est\u00e1 afinado. Ainda precisamos aprimorar, dar mais corpo a ele. Mas j\u00e1 podemos dar o pontap\u00e9.<\/p>\n<p class=\"western\">E depois? Bem, o pr\u00f3ximo passo \u00e9 ampliar a base de tempo e trazer os dados de 2015, referentes ao primeiro ano da atual legislatura. Depois, o mais desafiador, traduzir os dados dos fornecedores e especificar os valores totais de rubricas. \u00c9 um trabalho paulatino. Portanto, m\u00e3os \u00e0 obra.<\/p>\n<p class=\"western\" align=\"CENTER\"><b>Quer conhecer mais o Livre.jor?<\/b><\/p>\n<p class=\"western\" align=\"CENTER\">Ent\u00e3o, clique nas imagens abaixo e acompanhe a gente em nosso site e nas redes sociais!<\/p>\n<\/div>\n<\/header>\n\n\t\t<\/div>\n\t<\/div>\n<div class=\"vc_row wpb_row vc_inner vc_row-fluid vc_custom_1658490939056\"><div class=\"wpb_column vc_column_container vc_col-sm-2\"><div class=\"vc_column-inner\"><div class=\"wpb_wrapper\"><\/div><\/div><\/div><div class=\"wpb_column vc_column_container vc_col-sm-2\"><div class=\"vc_column-inner\"><div class=\"wpb_wrapper\"><div class=\"vc_icon_element vc_icon_element-outer vc_do_icon vc_icon_element-align-center vc_icon_element-have-style\"><div class=\"vc_icon_element-inner vc_icon_element-color-blue vc_icon_element-have-style-inner vc_icon_element-size-md vc_icon_element-style-rounded-outline vc_icon_element-outline vc_icon_element-background-color-grey\" ><span class=\"vc_icon_element-icon vc-mono vc-mono-facebook\" ><\/span><a class=\"vc_icon_element-link\" href=\"https:\/\/www.facebook.com\/livre.jor\"  title=\"\" target=\"_blank\"><\/a><\/div><\/div><\/div><\/div><\/div><div class=\"wpb_column vc_column_container vc_col-sm-2\"><div class=\"vc_column-inner\"><div class=\"wpb_wrapper\"><div class=\"vc_icon_element vc_icon_element-outer vc_do_icon vc_icon_element-align-center vc_icon_element-have-style\"><div class=\"vc_icon_element-inner vc_icon_element-color-turquoise vc_icon_element-have-style-inner vc_icon_element-size-md vc_icon_element-style-rounded-outline vc_icon_element-outline vc_icon_element-background-color-grey\" ><span class=\"vc_icon_element-icon vc-mono vc-mono-twitterbird\" ><\/span><a class=\"vc_icon_element-link\" href=\"https:\/\/twitter.com\/livrejor\"  title=\"\" target=\"_blank\"><\/a><\/div><\/div><\/div><\/div><\/div><div class=\"wpb_column vc_column_container vc_col-sm-2\"><div class=\"vc_column-inner\"><div class=\"wpb_wrapper\"><div class=\"vc_icon_element vc_icon_element-outer vc_do_icon vc_icon_element-align-center vc_icon_element-have-style\"><div class=\"vc_icon_element-inner vc_icon_element-color-purple vc_icon_element-have-style-inner vc_icon_element-size-md vc_icon_element-style-rounded-outline vc_icon_element-outline vc_icon_element-background-color-grey\" ><span class=\"vc_icon_element-icon vc-mono vc-mono-instagram\" ><\/span><a class=\"vc_icon_element-link\" href=\"https:\/\/www.instagram.com\/livre.jor\/\"  title=\"\" target=\"_blank\"><\/a><\/div><\/div><\/div><\/div><\/div><div class=\"wpb_column vc_column_container vc_col-sm-2\"><div class=\"vc_column-inner\"><div class=\"wpb_wrapper\"><div class=\"vc_icon_element vc_icon_element-outer vc_do_icon vc_icon_element-align-center vc_icon_element-have-style\"><div class=\"vc_icon_element-inner vc_icon_element-color-juicy_pink vc_icon_element-have-style-inner vc_icon_element-size-md vc_icon_element-style-rounded-outline vc_icon_element-outline vc_icon_element-background-color-grey\" ><span class=\"vc_icon_element-icon vc-mono vc-mono-youtube\" ><\/span><a class=\"vc_icon_element-link\" href=\"https:\/\/www.youtube.com\/channel\/UC3j_25hzW6H7uLdSvu5638w\"  title=\"\" target=\"_blank\"><\/a><\/div><\/div><\/div><\/div><\/div><div class=\"wpb_column vc_column_container vc_col-sm-2\"><div class=\"vc_column-inner\"><div class=\"wpb_wrapper\"><\/div><\/div><\/div><\/div><\/div><\/div><\/div><\/div>\n<\/div>","protected":false},"excerpt":{"rendered":"Um projeto Livre.jor Transpar\u00eancia, dados p\u00fablicos, jornalismo de dados, obstina\u00e7\u00e3o e um&hellip;","protected":false},"author":1,"featured_media":8097,"parent":0,"menu_order":0,"comment_status":"closed","ping_status":"closed","template":"","meta":{"footnotes":""},"class_list":["post-8119","page","type-page","status-publish","has-post-thumbnail"],"yoast_head":"<!-- This site is optimized with the Yoast SEO plugin v27.2 - https:\/\/yoast.com\/product\/yoast-seo-wordpress\/ -->\n<title>Um projeto Livre.jor - Na conta do deputado<\/title>\n<meta name=\"robots\" content=\"index, follow, max-snippet:-1, max-image-preview:large, max-video-preview:-1\" \/>\n<link rel=\"canonical\" href=\"https:\/\/livre.jor.br\/nacontadodeputado\/um-projeto-livre-jor\/\" \/>\n<meta property=\"og:locale\" content=\"pt_BR\" \/>\n<meta property=\"og:type\" content=\"article\" \/>\n<meta property=\"og:title\" content=\"Um projeto Livre.jor - Na conta do deputado\" \/>\n<meta property=\"og:url\" content=\"https:\/\/livre.jor.br\/nacontadodeputado\/um-projeto-livre-jor\/\" \/>\n<meta property=\"og:site_name\" content=\"Na conta do deputado\" \/>\n<meta property=\"article:publisher\" content=\"http:\/\/www.facebook.com\/livre.jor\" \/>\n<meta property=\"article:modified_time\" content=\"2022-07-22T12:09:24+00:00\" \/>\n<meta property=\"og:image\" content=\"https:\/\/livre.jor.br\/nacontadodeputado\/wp-content\/uploads\/2022\/07\/fundo_1.jpg\" \/>\n\t<meta property=\"og:image:width\" content=\"585\" \/>\n\t<meta property=\"og:image:height\" content=\"153\" \/>\n\t<meta property=\"og:image:type\" content=\"image\/jpeg\" \/>\n<meta name=\"twitter:card\" content=\"summary_large_image\" \/>\n<meta name=\"twitter:site\" content=\"@livrejor\" \/>\n<meta name=\"twitter:label1\" content=\"Est. tempo de leitura\" \/>\n\t<meta name=\"twitter:data1\" content=\"15 minutos\" \/>\n<script type=\"application\/ld+json\" class=\"yoast-schema-graph\">{\"@context\":\"https:\/\/schema.org\",\"@graph\":[{\"@type\":\"WebPage\",\"@id\":\"https:\/\/livre.jor.br\/nacontadodeputado\/um-projeto-livre-jor\/\",\"url\":\"https:\/\/livre.jor.br\/nacontadodeputado\/um-projeto-livre-jor\/\",\"name\":\"Um projeto Livre.jor - Na conta do deputado\",\"isPartOf\":{\"@id\":\"https:\/\/livre.jor.br\/nacontadodeputado\/#website\"},\"primaryImageOfPage\":{\"@id\":\"https:\/\/livre.jor.br\/nacontadodeputado\/um-projeto-livre-jor\/#primaryimage\"},\"image\":{\"@id\":\"https:\/\/livre.jor.br\/nacontadodeputado\/um-projeto-livre-jor\/#primaryimage\"},\"thumbnailUrl\":\"https:\/\/livre.jor.br\/nacontadodeputado\/wp-content\/uploads\/2022\/07\/fundo_1.jpg\",\"datePublished\":\"2022-07-22T11:36:55+00:00\",\"dateModified\":\"2022-07-22T12:09:24+00:00\",\"breadcrumb\":{\"@id\":\"https:\/\/livre.jor.br\/nacontadodeputado\/um-projeto-livre-jor\/#breadcrumb\"},\"inLanguage\":\"pt-BR\",\"potentialAction\":[{\"@type\":\"ReadAction\",\"target\":[\"https:\/\/livre.jor.br\/nacontadodeputado\/um-projeto-livre-jor\/\"]}]},{\"@type\":\"ImageObject\",\"inLanguage\":\"pt-BR\",\"@id\":\"https:\/\/livre.jor.br\/nacontadodeputado\/um-projeto-livre-jor\/#primaryimage\",\"url\":\"https:\/\/livre.jor.br\/nacontadodeputado\/wp-content\/uploads\/2022\/07\/fundo_1.jpg\",\"contentUrl\":\"https:\/\/livre.jor.br\/nacontadodeputado\/wp-content\/uploads\/2022\/07\/fundo_1.jpg\",\"width\":585,\"height\":153},{\"@type\":\"BreadcrumbList\",\"@id\":\"https:\/\/livre.jor.br\/nacontadodeputado\/um-projeto-livre-jor\/#breadcrumb\",\"itemListElement\":[{\"@type\":\"ListItem\",\"position\":1,\"name\":\"In\u00edcio\",\"item\":\"https:\/\/livre.jor.br\/nacontadodeputado\/\"},{\"@type\":\"ListItem\",\"position\":2,\"name\":\"Um projeto Livre.jor\"}]},{\"@type\":\"WebSite\",\"@id\":\"https:\/\/livre.jor.br\/nacontadodeputado\/#website\",\"url\":\"https:\/\/livre.jor.br\/nacontadodeputado\/\",\"name\":\"Na conta do deputado\",\"description\":\"Not\u00edcias impertinentes, de fontes oficiais.\",\"publisher\":{\"@id\":\"https:\/\/livre.jor.br\/nacontadodeputado\/#organization\"},\"potentialAction\":[{\"@type\":\"SearchAction\",\"target\":{\"@type\":\"EntryPoint\",\"urlTemplate\":\"https:\/\/livre.jor.br\/nacontadodeputado\/?s={search_term_string}\"},\"query-input\":{\"@type\":\"PropertyValueSpecification\",\"valueRequired\":true,\"valueName\":\"search_term_string\"}}],\"inLanguage\":\"pt-BR\"},{\"@type\":\"Organization\",\"@id\":\"https:\/\/livre.jor.br\/nacontadodeputado\/#organization\",\"name\":\"Ag\u00eancia Livre.jor de Jornalismo\",\"url\":\"https:\/\/livre.jor.br\/nacontadodeputado\/\",\"logo\":{\"@type\":\"ImageObject\",\"inLanguage\":\"pt-BR\",\"@id\":\"https:\/\/livre.jor.br\/nacontadodeputado\/#\/schema\/logo\/image\/\",\"url\":\"https:\/\/livre.jor.br\/nacontadodeputado\/wp-content\/uploads\/2022\/06\/WhatsApp-Image-2022-05-02-at-11.47.11.jpeg\",\"contentUrl\":\"https:\/\/livre.jor.br\/nacontadodeputado\/wp-content\/uploads\/2022\/06\/WhatsApp-Image-2022-05-02-at-11.47.11.jpeg\",\"width\":1104,\"height\":1020,\"caption\":\"Ag\u00eancia Livre.jor de Jornalismo\"},\"image\":{\"@id\":\"https:\/\/livre.jor.br\/nacontadodeputado\/#\/schema\/logo\/image\/\"},\"sameAs\":[\"http:\/\/www.facebook.com\/livre.jor\",\"https:\/\/x.com\/livrejor\"]}]}<\/script>\n<!-- \/ Yoast SEO plugin. -->","yoast_head_json":{"title":"Um projeto Livre.jor - Na conta do deputado","robots":{"index":"index","follow":"follow","max-snippet":"max-snippet:-1","max-image-preview":"max-image-preview:large","max-video-preview":"max-video-preview:-1"},"canonical":"https:\/\/livre.jor.br\/nacontadodeputado\/um-projeto-livre-jor\/","og_locale":"pt_BR","og_type":"article","og_title":"Um projeto Livre.jor - Na conta do deputado","og_url":"https:\/\/livre.jor.br\/nacontadodeputado\/um-projeto-livre-jor\/","og_site_name":"Na conta do deputado","article_publisher":"http:\/\/www.facebook.com\/livre.jor","article_modified_time":"2022-07-22T12:09:24+00:00","og_image":[{"width":585,"height":153,"url":"https:\/\/livre.jor.br\/nacontadodeputado\/wp-content\/uploads\/2022\/07\/fundo_1.jpg","type":"image\/jpeg"}],"twitter_card":"summary_large_image","twitter_site":"@livrejor","twitter_misc":{"Est. tempo de leitura":"15 minutos"},"schema":{"@context":"https:\/\/schema.org","@graph":[{"@type":"WebPage","@id":"https:\/\/livre.jor.br\/nacontadodeputado\/um-projeto-livre-jor\/","url":"https:\/\/livre.jor.br\/nacontadodeputado\/um-projeto-livre-jor\/","name":"Um projeto Livre.jor - Na conta do deputado","isPartOf":{"@id":"https:\/\/livre.jor.br\/nacontadodeputado\/#website"},"primaryImageOfPage":{"@id":"https:\/\/livre.jor.br\/nacontadodeputado\/um-projeto-livre-jor\/#primaryimage"},"image":{"@id":"https:\/\/livre.jor.br\/nacontadodeputado\/um-projeto-livre-jor\/#primaryimage"},"thumbnailUrl":"https:\/\/livre.jor.br\/nacontadodeputado\/wp-content\/uploads\/2022\/07\/fundo_1.jpg","datePublished":"2022-07-22T11:36:55+00:00","dateModified":"2022-07-22T12:09:24+00:00","breadcrumb":{"@id":"https:\/\/livre.jor.br\/nacontadodeputado\/um-projeto-livre-jor\/#breadcrumb"},"inLanguage":"pt-BR","potentialAction":[{"@type":"ReadAction","target":["https:\/\/livre.jor.br\/nacontadodeputado\/um-projeto-livre-jor\/"]}]},{"@type":"ImageObject","inLanguage":"pt-BR","@id":"https:\/\/livre.jor.br\/nacontadodeputado\/um-projeto-livre-jor\/#primaryimage","url":"https:\/\/livre.jor.br\/nacontadodeputado\/wp-content\/uploads\/2022\/07\/fundo_1.jpg","contentUrl":"https:\/\/livre.jor.br\/nacontadodeputado\/wp-content\/uploads\/2022\/07\/fundo_1.jpg","width":585,"height":153},{"@type":"BreadcrumbList","@id":"https:\/\/livre.jor.br\/nacontadodeputado\/um-projeto-livre-jor\/#breadcrumb","itemListElement":[{"@type":"ListItem","position":1,"name":"In\u00edcio","item":"https:\/\/livre.jor.br\/nacontadodeputado\/"},{"@type":"ListItem","position":2,"name":"Um projeto Livre.jor"}]},{"@type":"WebSite","@id":"https:\/\/livre.jor.br\/nacontadodeputado\/#website","url":"https:\/\/livre.jor.br\/nacontadodeputado\/","name":"Na conta do deputado","description":"Not\u00edcias impertinentes, de fontes oficiais.","publisher":{"@id":"https:\/\/livre.jor.br\/nacontadodeputado\/#organization"},"potentialAction":[{"@type":"SearchAction","target":{"@type":"EntryPoint","urlTemplate":"https:\/\/livre.jor.br\/nacontadodeputado\/?s={search_term_string}"},"query-input":{"@type":"PropertyValueSpecification","valueRequired":true,"valueName":"search_term_string"}}],"inLanguage":"pt-BR"},{"@type":"Organization","@id":"https:\/\/livre.jor.br\/nacontadodeputado\/#organization","name":"Ag\u00eancia Livre.jor de Jornalismo","url":"https:\/\/livre.jor.br\/nacontadodeputado\/","logo":{"@type":"ImageObject","inLanguage":"pt-BR","@id":"https:\/\/livre.jor.br\/nacontadodeputado\/#\/schema\/logo\/image\/","url":"https:\/\/livre.jor.br\/nacontadodeputado\/wp-content\/uploads\/2022\/06\/WhatsApp-Image-2022-05-02-at-11.47.11.jpeg","contentUrl":"https:\/\/livre.jor.br\/nacontadodeputado\/wp-content\/uploads\/2022\/06\/WhatsApp-Image-2022-05-02-at-11.47.11.jpeg","width":1104,"height":1020,"caption":"Ag\u00eancia Livre.jor de Jornalismo"},"image":{"@id":"https:\/\/livre.jor.br\/nacontadodeputado\/#\/schema\/logo\/image\/"},"sameAs":["http:\/\/www.facebook.com\/livre.jor","https:\/\/x.com\/livrejor"]}]}},"_links":{"self":[{"href":"https:\/\/livre.jor.br\/nacontadodeputado\/wp-json\/wp\/v2\/pages\/8119","targetHints":{"allow":["GET"]}}],"collection":[{"href":"https:\/\/livre.jor.br\/nacontadodeputado\/wp-json\/wp\/v2\/pages"}],"about":[{"href":"https:\/\/livre.jor.br\/nacontadodeputado\/wp-json\/wp\/v2\/types\/page"}],"author":[{"embeddable":true,"href":"https:\/\/livre.jor.br\/nacontadodeputado\/wp-json\/wp\/v2\/users\/1"}],"replies":[{"embeddable":true,"href":"https:\/\/livre.jor.br\/nacontadodeputado\/wp-json\/wp\/v2\/comments?post=8119"}],"version-history":[{"count":7,"href":"https:\/\/livre.jor.br\/nacontadodeputado\/wp-json\/wp\/v2\/pages\/8119\/revisions"}],"predecessor-version":[{"id":8144,"href":"https:\/\/livre.jor.br\/nacontadodeputado\/wp-json\/wp\/v2\/pages\/8119\/revisions\/8144"}],"wp:featuredmedia":[{"embeddable":true,"href":"https:\/\/livre.jor.br\/nacontadodeputado\/wp-json\/wp\/v2\/media\/8097"}],"wp:attachment":[{"href":"https:\/\/livre.jor.br\/nacontadodeputado\/wp-json\/wp\/v2\/media?parent=8119"}],"curies":[{"name":"wp","href":"https:\/\/api.w.org\/{rel}","templated":true}]}}